{"id":24,"date":"2025-10-24T14:59:46","date_gmt":"2025-10-24T14:59:46","guid":{"rendered":"https:\/\/encontrodesabores.com.br\/?page_id=24"},"modified":"2025-12-05T14:01:14","modified_gmt":"2025-12-05T14:01:14","slug":"home-01","status":"publish","type":"page","link":"https:\/\/encontrodesabores.com.br\/","title":{"rendered":"Home 01"},"content":{"rendered":"\t\t<div data-elementor-type=\"wp-page\" data-elementor-id=\"24\" class=\"elementor elementor-24\" data-elementor-post-type=\"page\">\n\t\t\t\t<div class=\"elementor-element elementor-element-443d6e0 elementor-hidden-tablet elementor-hidden-mobile e-flex e-con-boxed e-con e-parent\" data-id=\"443d6e0\" data-element_type=\"container\" data-settings=\"{&quot;background_background&quot;:&quot;classic&quot;}\">\n\t\t\t\t\t<div class=\"e-con-inner\">\n\t\t<div class=\"elementor-element elementor-element-8e5b706 e-con-full e-flex e-con e-child\" data-id=\"8e5b706\" data-element_type=\"container\">\n\t\t\t\t<div class=\"elementor-element elementor-element-691d109 elementor-widget elementor-widget-theme-site-logo elementor-widget-image\" data-id=\"691d109\" data-element_type=\"widget\" data-widget_type=\"theme-site-logo.default\">\n\t\t\t\t<div class=\"elementor-widget-container\">\n\t\t\t\t\t\t\t\t\t\t\t<a href=\"https:\/\/encontrodesabores.com.br\">\n\t\t\t<img fetchpriority=\"high\" decoding=\"async\" width=\"552\" height=\"209\" src=\"https:\/\/encontrodesabores.com.br\/wp-content\/uploads\/2025\/10\/logo-encontro-sabores.png\" class=\"attachment-full size-full wp-image-32\" alt=\"\" srcset=\"https:\/\/encontrodesabores.com.br\/wp-content\/uploads\/2025\/10\/logo-encontro-sabores.png 552w, https:\/\/encontrodesabores.com.br\/wp-content\/uploads\/2025\/10\/logo-encontro-sabores-300x114.png 300w\" sizes=\"(max-width: 552px) 100vw, 552px\" \/>\t\t\t\t<\/a>\n\t\t\t\t\t\t\t\t\t\t\t<\/div>\n\t\t\t\t<\/div>\n\t\t\t\t<\/div>\n\t\t<div class=\"elementor-element elementor-element-a00d66d e-con-full e-flex e-con e-child\" data-id=\"a00d66d\" data-element_type=\"container\">\n\t\t\t\t<div class=\"elementor-element elementor-element-5e51457 elementor-nav-menu__align-center elementor-nav-menu--dropdown-tablet elementor-nav-menu__text-align-aside elementor-nav-menu--toggle elementor-nav-menu--burger elementor-widget elementor-widget-nav-menu\" data-id=\"5e51457\" data-element_type=\"widget\" data-settings=\"{&quot;layout&quot;:&quot;horizontal&quot;,&quot;submenu_icon&quot;:{&quot;value&quot;:&quot;&lt;svg aria-hidden=\\&quot;true\\&quot; class=\\&quot;e-font-icon-svg e-fas-caret-down\\&quot; viewBox=\\&quot;0 0 320 512\\&quot; xmlns=\\&quot;http:\\\/\\\/www.w3.org\\\/2000\\\/svg\\&quot;&gt;&lt;path d=\\&quot;M31.3 192h257.3c17.8 0 26.7 21.5 14.1 34.1L174.1 354.8c-7.8 7.8-20.5 7.8-28.3 0L17.2 226.1C4.6 213.5 13.5 192 31.3 192z\\&quot;&gt;&lt;\\\/path&gt;&lt;\\\/svg&gt;&quot;,&quot;library&quot;:&quot;fa-solid&quot;},&quot;toggle&quot;:&quot;burger&quot;}\" data-widget_type=\"nav-menu.default\">\n\t\t\t\t<div class=\"elementor-widget-container\">\n\t\t\t\t\t\t\t\t<nav aria-label=\"Menu\" class=\"elementor-nav-menu--main elementor-nav-menu__container elementor-nav-menu--layout-horizontal e--pointer-underline e--animation-fade\">\n\t\t\t\t<ul id=\"menu-1-5e51457\" class=\"elementor-nav-menu\"><li class=\"menu-item menu-item-type-custom menu-item-object-custom menu-item-68\"><a href=\"https:\/\/wa.me\/5554999859687\" class=\"elementor-item\">Fale com a gente pelo Whats<\/a><\/li>\n<\/ul>\t\t\t<\/nav>\n\t\t\t\t\t<div class=\"elementor-menu-toggle\" role=\"button\" tabindex=\"0\" aria-label=\"Alternar menu\" aria-expanded=\"false\">\n\t\t\t<svg aria-hidden=\"true\" role=\"presentation\" class=\"elementor-menu-toggle__icon--open e-font-icon-svg e-eicon-menu-bar\" viewBox=\"0 0 1000 1000\" xmlns=\"http:\/\/www.w3.org\/2000\/svg\"><path d=\"M104 333H896C929 333 958 304 958 271S929 208 896 208H104C71 208 42 237 42 271S71 333 104 333ZM104 583H896C929 583 958 554 958 521S929 458 896 458H104C71 458 42 487 42 521S71 583 104 583ZM104 833H896C929 833 958 804 958 771S929 708 896 708H104C71 708 42 737 42 771S71 833 104 833Z\"><\/path><\/svg><svg aria-hidden=\"true\" role=\"presentation\" class=\"elementor-menu-toggle__icon--close e-font-icon-svg e-eicon-close\" viewBox=\"0 0 1000 1000\" xmlns=\"http:\/\/www.w3.org\/2000\/svg\"><path d=\"M742 167L500 408 258 167C246 154 233 150 217 150 196 150 179 158 167 167 154 179 150 196 150 212 150 229 154 242 171 254L408 500 167 742C138 771 138 800 167 829 196 858 225 858 254 829L496 587 738 829C750 842 767 846 783 846 800 846 817 842 829 829 842 817 846 804 846 783 846 767 842 750 829 737L588 500 833 258C863 229 863 200 833 171 804 137 775 137 742 167Z\"><\/path><\/svg>\t\t<\/div>\n\t\t\t\t\t<nav class=\"elementor-nav-menu--dropdown elementor-nav-menu__container\" aria-hidden=\"true\">\n\t\t\t\t<ul id=\"menu-2-5e51457\" class=\"elementor-nav-menu\"><li class=\"menu-item menu-item-type-custom menu-item-object-custom menu-item-68\"><a href=\"https:\/\/wa.me\/5554999859687\" class=\"elementor-item\" tabindex=\"-1\">Fale com a gente pelo Whats<\/a><\/li>\n<\/ul>\t\t\t<\/nav>\n\t\t\t\t\t\t<\/div>\n\t\t\t\t<\/div>\n\t\t\t\t<\/div>\n\t\t<div class=\"elementor-element elementor-element-88fc4b4 e-con-full e-flex e-con e-child\" data-id=\"88fc4b4\" data-element_type=\"container\">\n\t\t\t\t<div class=\"elementor-element elementor-element-8912384 elementor-shape-rounded elementor-grid-0 e-grid-align-center elementor-widget elementor-widget-social-icons\" data-id=\"8912384\" data-element_type=\"widget\" data-widget_type=\"social-icons.default\">\n\t\t\t\t<div class=\"elementor-widget-container\">\n\t\t\t\t\t\t\t<div class=\"elementor-social-icons-wrapper elementor-grid\">\n\t\t\t\t\t\t\t<span class=\"elementor-grid-item\">\n\t\t\t\t\t<a class=\"elementor-icon elementor-social-icon elementor-social-icon-instagram elementor-repeater-item-2fcfa09\" href=\"https:\/\/www.instagram.com\/frutasnativas_rs\/\" target=\"_blank\">\n\t\t\t\t\t\t<span class=\"elementor-screen-only\">Instagram<\/span>\n\t\t\t\t\t\t<svg aria-hidden=\"true\" class=\"e-font-icon-svg e-fab-instagram\" viewBox=\"0 0 448 512\" xmlns=\"http:\/\/www.w3.org\/2000\/svg\"><path d=\"M224.1 141c-63.6 0-114.9 51.3-114.9 114.9s51.3 114.9 114.9 114.9S339 319.5 339 255.9 287.7 141 224.1 141zm0 189.6c-41.1 0-74.7-33.5-74.7-74.7s33.5-74.7 74.7-74.7 74.7 33.5 74.7 74.7-33.6 74.7-74.7 74.7zm146.4-194.3c0 14.9-12 26.8-26.8 26.8-14.9 0-26.8-12-26.8-26.8s12-26.8 26.8-26.8 26.8 12 26.8 26.8zm76.1 27.2c-1.7-35.9-9.9-67.7-36.2-93.9-26.2-26.2-58-34.4-93.9-36.2-37-2.1-147.9-2.1-184.9 0-35.8 1.7-67.6 9.9-93.9 36.1s-34.4 58-36.2 93.9c-2.1 37-2.1 147.9 0 184.9 1.7 35.9 9.9 67.7 36.2 93.9s58 34.4 93.9 36.2c37 2.1 147.9 2.1 184.9 0 35.9-1.7 67.7-9.9 93.9-36.2 26.2-26.2 34.4-58 36.2-93.9 2.1-37 2.1-147.8 0-184.8zM398.8 388c-7.8 19.6-22.9 34.7-42.6 42.6-29.5 11.7-99.5 9-132.1 9s-102.7 2.6-132.1-9c-19.6-7.8-34.7-22.9-42.6-42.6-11.7-29.5-9-99.5-9-132.1s-2.6-102.7 9-132.1c7.8-19.6 22.9-34.7 42.6-42.6 29.5-11.7 99.5-9 132.1-9s102.7-2.6 132.1 9c19.6 7.8 34.7 22.9 42.6 42.6 11.7 29.5 9 99.5 9 132.1s2.7 102.7-9 132.1z\"><\/path><\/svg>\t\t\t\t\t<\/a>\n\t\t\t\t<\/span>\n\t\t\t\t\t<\/div>\n\t\t\t\t\t\t<\/div>\n\t\t\t\t<\/div>\n\t\t\t\t<\/div>\n\t\t\t\t\t<\/div>\n\t\t\t\t<\/div>\n\t\t<div class=\"elementor-element elementor-element-a221c8e e-flex e-con-boxed e-con e-parent\" data-id=\"a221c8e\" data-element_type=\"container\">\n\t\t\t\t\t<div class=\"e-con-inner\">\n\t\t<div class=\"elementor-element elementor-element-a4fc6fe e-con-full e-flex e-con e-child\" data-id=\"a4fc6fe\" data-element_type=\"container\">\n\t\t\t\t<div class=\"elementor-element elementor-element-9a91a4a elementor-widget elementor-widget-heading\" data-id=\"9a91a4a\" data-element_type=\"widget\" data-widget_type=\"heading.default\">\n\t\t\t\t<div class=\"elementor-widget-container\">\n\t\t\t\t\t<h2 class=\"elementor-heading-title elementor-size-default\">Escolha qualidade, <br>\nsustentabilidade e coopera\u00e7\u00e3o<\/h2>\t\t\t\t<\/div>\n\t\t\t\t<\/div>\n\t\t\t\t<div class=\"elementor-element elementor-element-29a3bf5 elementor-widget elementor-widget-text-editor\" data-id=\"29a3bf5\" data-element_type=\"widget\" data-widget_type=\"text-editor.default\">\n\t\t\t\t<div class=\"elementor-widget-container\">\n\t\t\t\t\t\t\t\t\t<p>Valorizar os produtos da sociobiodiversidade local \u00e9 garantir a conserva\u00e7\u00e3o dos recursos naturais, com gera\u00e7\u00e3o de renda, contribuindo para a soberania e seguran\u00e7a alimentar e nutricional da popula\u00e7\u00e3o. Tamb\u00e9m garante a autonomia econ\u00f4mica de fam\u00edlias agricultoras e extrativistas, al\u00e9m de empreendimentos de processamento e comercializa\u00e7\u00e3o de alimentos.<\/p><p>A Cadeia Solid\u00e1ria das Frutas Nativas do Rio Grande do Sul promove um trabalho intenso em diferentes regi\u00f5es do estado &#8211; Litoral, Campos de Cima da Serra, Planalto, Alto Uruguai, Miss\u00f5es, Serra e Metropolitana de Porto Alegre &#8211; envolvendo entidades de assessoria, fam\u00edlias de agricultores, extrativistas, empreendedores e consumidores urbanos.<\/p>\t\t\t\t\t\t\t\t<\/div>\n\t\t\t\t<\/div>\n\t\t\t\t<\/div>\n\t\t<div class=\"elementor-element elementor-element-2bf5e85 e-con-full e-flex e-con e-child\" data-id=\"2bf5e85\" data-element_type=\"container\">\n\t\t\t\t<div class=\"elementor-element elementor-element-55c020f elementor-widget elementor-widget-image\" data-id=\"55c020f\" data-element_type=\"widget\" data-widget_type=\"image.default\">\n\t\t\t\t<div class=\"elementor-widget-container\">\n\t\t\t\t\t\t\t\t\t\t\t\t\t\t\t<img decoding=\"async\" width=\"520\" height=\"600\" src=\"https:\/\/encontrodesabores.com.br\/wp-content\/uploads\/2025\/10\/logo-CPSFN-vertical.png\" class=\"attachment-large size-large wp-image-28\" alt=\"\" srcset=\"https:\/\/encontrodesabores.com.br\/wp-content\/uploads\/2025\/10\/logo-CPSFN-vertical.png 520w, https:\/\/encontrodesabores.com.br\/wp-content\/uploads\/2025\/10\/logo-CPSFN-vertical-260x300.png 260w\" sizes=\"(max-width: 520px) 100vw, 520px\" \/>\t\t\t\t\t\t\t\t\t\t\t\t\t\t\t<\/div>\n\t\t\t\t<\/div>\n\t\t\t\t<\/div>\n\t\t\t\t\t<\/div>\n\t\t\t\t<\/div>\n\t\t<div class=\"elementor-element elementor-element-46e8e22 e-flex e-con-boxed e-con e-parent\" data-id=\"46e8e22\" data-element_type=\"container\" data-settings=\"{&quot;background_background&quot;:&quot;classic&quot;}\">\n\t\t\t\t\t<div class=\"e-con-inner\">\n\t\t\t\t<div class=\"elementor-element elementor-element-1f1910e elementor-widget elementor-widget-heading\" data-id=\"1f1910e\" data-element_type=\"widget\" data-widget_type=\"heading.default\">\n\t\t\t\t<div class=\"elementor-widget-container\">\n\t\t\t\t\t<h2 class=\"elementor-heading-title elementor-size-default\">Essa marca representa cuidado com a natureza, <br>\nalimento saud\u00e1vel\ne economias locais fortalecidas.<\/h2>\t\t\t\t<\/div>\n\t\t\t\t<\/div>\n\t\t\t\t\t<\/div>\n\t\t\t\t<\/div>\n\t\t<div class=\"elementor-element elementor-element-56101d1 e-flex e-con-boxed e-con e-parent\" data-id=\"56101d1\" data-element_type=\"container\">\n\t\t\t\t\t<div class=\"e-con-inner\">\n\t\t\t\t<div class=\"elementor-element elementor-element-62f78e4 elementor-widget elementor-widget-spacer\" data-id=\"62f78e4\" data-element_type=\"widget\" data-widget_type=\"spacer.default\">\n\t\t\t\t<div class=\"elementor-widget-container\">\n\t\t\t\t\t\t\t<div class=\"elementor-spacer\">\n\t\t\t<div class=\"elementor-spacer-inner\"><\/div>\n\t\t<\/div>\n\t\t\t\t\t\t<\/div>\n\t\t\t\t<\/div>\n\t\t\t\t<div class=\"elementor-element elementor-element-9447936 elementor-widget elementor-widget-image\" data-id=\"9447936\" data-element_type=\"widget\" data-widget_type=\"image.default\">\n\t\t\t\t<div class=\"elementor-widget-container\">\n\t\t\t\t\t\t\t\t\t\t\t\t\t\t\t<img decoding=\"async\" width=\"800\" height=\"109\" src=\"https:\/\/encontrodesabores.com.br\/wp-content\/uploads\/2025\/10\/barra-nomes-frutas_circulos-01-1024x139.png\" class=\"attachment-large size-large wp-image-34\" alt=\"\" srcset=\"https:\/\/encontrodesabores.com.br\/wp-content\/uploads\/2025\/10\/barra-nomes-frutas_circulos-01-1024x139.png 1024w, https:\/\/encontrodesabores.com.br\/wp-content\/uploads\/2025\/10\/barra-nomes-frutas_circulos-01-300x41.png 300w, https:\/\/encontrodesabores.com.br\/wp-content\/uploads\/2025\/10\/barra-nomes-frutas_circulos-01-768x104.png 768w, https:\/\/encontrodesabores.com.br\/wp-content\/uploads\/2025\/10\/barra-nomes-frutas_circulos-01.png 1078w\" sizes=\"(max-width: 800px) 100vw, 800px\" \/>\t\t\t\t\t\t\t\t\t\t\t\t\t\t\t<\/div>\n\t\t\t\t<\/div>\n\t\t\t\t<div class=\"elementor-element elementor-element-251b3cb elementor-hidden-tablet elementor-hidden-mobile elementor-widget elementor-widget-image\" data-id=\"251b3cb\" data-element_type=\"widget\" data-widget_type=\"image.default\">\n\t\t\t\t<div class=\"elementor-widget-container\">\n\t\t\t\t\t\t\t\t\t\t\t\t\t\t\t<img loading=\"lazy\" decoding=\"async\" width=\"552\" height=\"209\" src=\"https:\/\/encontrodesabores.com.br\/wp-content\/uploads\/2025\/10\/logo-encontro-sabores.png\" class=\"attachment-large size-large wp-image-32\" alt=\"\" srcset=\"https:\/\/encontrodesabores.com.br\/wp-content\/uploads\/2025\/10\/logo-encontro-sabores.png 552w, https:\/\/encontrodesabores.com.br\/wp-content\/uploads\/2025\/10\/logo-encontro-sabores-300x114.png 300w\" sizes=\"(max-width: 552px) 100vw, 552px\" \/>\t\t\t\t\t\t\t\t\t\t\t\t\t\t\t<\/div>\n\t\t\t\t<\/div>\n\t\t\t\t<div class=\"elementor-element elementor-element-ce8a18d elementor-hidden-desktop elementor-widget elementor-widget-image\" data-id=\"ce8a18d\" data-element_type=\"widget\" data-widget_type=\"image.default\">\n\t\t\t\t<div class=\"elementor-widget-container\">\n\t\t\t\t\t\t\t\t\t\t\t\t\t\t\t<img fetchpriority=\"high\" decoding=\"async\" width=\"552\" height=\"209\" src=\"https:\/\/encontrodesabores.com.br\/wp-content\/uploads\/2025\/10\/logo-encontro-sabores.png\" class=\"attachment-full size-full wp-image-32\" alt=\"\" srcset=\"https:\/\/encontrodesabores.com.br\/wp-content\/uploads\/2025\/10\/logo-encontro-sabores.png 552w, https:\/\/encontrodesabores.com.br\/wp-content\/uploads\/2025\/10\/logo-encontro-sabores-300x114.png 300w\" sizes=\"(max-width: 552px) 100vw, 552px\" \/>\t\t\t\t\t\t\t\t\t\t\t\t\t\t\t<\/div>\n\t\t\t\t<\/div>\n\t\t\t\t<div class=\"elementor-element elementor-element-080d190 elementor-widget elementor-widget-heading\" data-id=\"080d190\" data-element_type=\"widget\" data-widget_type=\"heading.default\">\n\t\t\t\t<div class=\"elementor-widget-container\">\n\t\t\t\t\t<h2 class=\"elementor-heading-title elementor-size-default\">Sabor nativo, sa\u00fade e futuro sustent\u00e1vel<\/h2>\t\t\t\t<\/div>\n\t\t\t\t<\/div>\n\t\t\t\t\t<\/div>\n\t\t\t\t<\/div>\n\t\t<div class=\"elementor-element elementor-element-d62ae18 e-flex e-con-boxed e-con e-parent\" data-id=\"d62ae18\" data-element_type=\"container\">\n\t\t\t\t\t<div class=\"e-con-inner\">\n\t\t<div class=\"elementor-element elementor-element-4dc37d3 e-con-full e-flex e-con e-child\" data-id=\"4dc37d3\" data-element_type=\"container\">\n\t\t\t\t<\/div>\n\t\t<div class=\"elementor-element elementor-element-6ed56be e-con-full e-flex e-con e-child\" data-id=\"6ed56be\" data-element_type=\"container\">\n\t\t\t\t<div class=\"elementor-element elementor-element-1bb56c5 elementor-widget elementor-widget-text-editor\" data-id=\"1bb56c5\" data-element_type=\"widget\" data-widget_type=\"text-editor.default\">\n\t\t\t\t<div class=\"elementor-widget-container\">\n\t\t\t\t\t\t\t\t\t<p>O Encontro de Sabores \u00e9 um empreendimento da Economia Solid\u00e1ria que, juntamente com o Centro de Tecnologias Alternativas Populares \u2013 CETAP, realiza um trabalho de promo\u00e7\u00e3o e valoriza\u00e7\u00e3o das frutas nativas nas regi\u00f5es Norte e Nordeste do Rio Grande do Sul.<\/p><p>A atividade integra diferentes frentes de atua\u00e7\u00e3o para a promo\u00e7\u00e3o da Agroecologia e da Economia Solid\u00e1ria, buscando aliar a conserva\u00e7\u00e3o e valoriza\u00e7\u00e3o dos recursos naturais, com a oferta de produtos saud\u00e1veis e acess\u00edveis aos consumidores.<\/p>\t\t\t\t\t\t\t\t<\/div>\n\t\t\t\t<\/div>\n\t\t\t\t<\/div>\n\t\t<div class=\"elementor-element elementor-element-565cae8 e-con-full e-flex e-con e-child\" data-id=\"565cae8\" data-element_type=\"container\">\n\t\t\t\t<\/div>\n\t\t\t\t\t<\/div>\n\t\t\t\t<\/div>\n\t\t<div class=\"elementor-element elementor-element-839b7ac e-flex e-con-boxed e-con e-parent\" data-id=\"839b7ac\" data-element_type=\"container\" data-settings=\"{&quot;background_background&quot;:&quot;classic&quot;}\">\n\t\t\t\t\t<div class=\"e-con-inner\">\n\t\t\t\t<div class=\"elementor-element elementor-element-13336c1 elementor-widget elementor-widget-heading\" data-id=\"13336c1\" data-element_type=\"widget\" data-widget_type=\"heading.default\">\n\t\t\t\t<div class=\"elementor-widget-container\">\n\t\t\t\t\t<h2 class=\"elementor-heading-title elementor-size-default\">Conhe\u00e7a alguns dos nossos produtos<\/h2>\t\t\t\t<\/div>\n\t\t\t\t<\/div>\n\t\t\t\t\t<\/div>\n\t\t\t\t<\/div>\n\t\t<div class=\"elementor-element elementor-element-e12453c e-flex e-con-boxed e-con e-parent\" data-id=\"e12453c\" data-element_type=\"container\" data-settings=\"{&quot;background_background&quot;:&quot;classic&quot;}\">\n\t\t\t\t\t<div class=\"e-con-inner\">\n\t\t<div class=\"elementor-element elementor-element-bf9c7d9 e-con-full e-flex e-con e-child\" data-id=\"bf9c7d9\" data-element_type=\"container\">\n\t\t\t\t<div class=\"elementor-element elementor-element-e7ff3cc elementor-widget elementor-widget-text-editor\" data-id=\"e7ff3cc\" data-element_type=\"widget\" data-widget_type=\"text-editor.default\">\n\t\t\t\t<div class=\"elementor-widget-container\">\n\t\t\t\t\t\t\t\t\t<p><strong>GUABIROBA<br \/><\/strong>Polpa, picol\u00e9s, sucos, mouses, licores e tamb\u00e9m bolos.<\/p><p><strong>UVAIA<br \/><\/strong>Polpa, picol\u00e9s, sucos e licores.<\/p>\t\t\t\t\t\t\t\t<\/div>\n\t\t\t\t<\/div>\n\t\t\t\t<\/div>\n\t\t<div class=\"elementor-element elementor-element-547ef21 e-con-full e-flex e-con e-child\" data-id=\"547ef21\" data-element_type=\"container\">\n\t\t\t\t<div class=\"elementor-element elementor-element-4c8e37d elementor-widget elementor-widget-text-editor\" data-id=\"4c8e37d\" data-element_type=\"widget\" data-widget_type=\"text-editor.default\">\n\t\t\t\t<div class=\"elementor-widget-container\">\n\t\t\t\t\t\t\t\t\t<p><strong>ARA\u00c7\u00c1<\/strong><br \/>Polpa, picol\u00e9s, licores, al\u00e9m de caldas para doces e doces cremosos.<\/p><p><strong>JABUTICABA<\/strong><br \/>Polpa, picol\u00e9s, geleias e tamb\u00e9m licores.<\/p>\t\t\t\t\t\t\t\t<\/div>\n\t\t\t\t<\/div>\n\t\t\t\t<\/div>\n\t\t<div class=\"elementor-element elementor-element-94bbcaf e-con-full e-flex e-con e-child\" data-id=\"94bbcaf\" data-element_type=\"container\">\n\t\t\t\t<div class=\"elementor-element elementor-element-c4b3f72 elementor-widget elementor-widget-text-editor\" data-id=\"c4b3f72\" data-element_type=\"widget\" data-widget_type=\"text-editor.default\">\n\t\t\t\t<div class=\"elementor-widget-container\">\n\t\t\t\t\t\t\t\t\t<p><strong>BUTI\u00c1<\/strong><br \/>Polpa, picol\u00e9s, am\u00eandoa, geleias, doce cremoso, doce em calda (compota), past\u00e9is, mouse e tamb\u00e9m licores.<\/p><p><strong>CREM<\/strong><br \/>Conserva de crem.<\/p>\t\t\t\t\t\t\t\t<\/div>\n\t\t\t\t<\/div>\n\t\t\t\t<\/div>\n\t\t<div class=\"elementor-element elementor-element-7985497 e-con-full e-flex e-con e-child\" data-id=\"7985497\" data-element_type=\"container\">\n\t\t\t\t<div class=\"elementor-element elementor-element-8346322 elementor-widget elementor-widget-text-editor\" data-id=\"8346322\" data-element_type=\"widget\" data-widget_type=\"text-editor.default\">\n\t\t\t\t<div class=\"elementor-widget-container\">\n\t\t\t\t\t\t\t\t\t<p><strong>PINH\u00c3O<\/strong><br \/>Pr\u00e9-cozido inteiro, em peda\u00e7os ou mo\u00eddo.\u00a0 Bolachas, p\u00e3es, past\u00e9is, croquete, pa\u00e7oca&#8230;<\/p><p><strong>A\u00c7A\u00cd JU\u00c7ARA<\/strong><br \/>Polpa, sucos e picol\u00e9s.<\/p>\t\t\t\t\t\t\t\t<\/div>\n\t\t\t\t<\/div>\n\t\t\t\t<\/div>\n\t\t\t\t\t<\/div>\n\t\t\t\t<\/div>\n\t\t<div class=\"elementor-element elementor-element-8880874 e-flex e-con-boxed e-con e-parent\" data-id=\"8880874\" data-element_type=\"container\">\n\t\t\t\t\t<div class=\"e-con-inner\">\n\t\t\t\t<div class=\"elementor-element elementor-element-9bdcd68 elementor-widget elementor-widget-heading\" data-id=\"9bdcd68\" data-element_type=\"widget\" data-widget_type=\"heading.default\">\n\t\t\t\t<div class=\"elementor-widget-container\">\n\t\t\t\t\t<h2 class=\"elementor-heading-title elementor-size-default\">Entre em contato com a gente:<\/h2>\t\t\t\t<\/div>\n\t\t\t\t<\/div>\n\t\t\t\t<div class=\"elementor-element elementor-element-40d2e5b elementor-widget elementor-widget-text-editor\" data-id=\"40d2e5b\" data-element_type=\"widget\" data-widget_type=\"text-editor.default\">\n\t\t\t\t<div class=\"elementor-widget-container\">\n\t\t\t\t\t\t\t\t\t<p>Alvir (54) 99972 8318\u00a0 \u00a0 |\u00a0 \u00a0 L\u00eddia (54) 99985 9687<br \/>contato@encontrodesabores.com.br<br \/>Rua Luiz Feroldi, 50 &#8211; Bairro Boqueir\u00e3o &#8211; Passo Fundo\/RS<\/p>\t\t\t\t\t\t\t\t<\/div>\n\t\t\t\t<\/div>\n\t\t\t\t\t<\/div>\n\t\t\t\t<\/div>\n\t\t\t\t<\/div>\n\t\t","protected":false},"excerpt":{"rendered":"<p>Instagram Escolha qualidade, sustentabilidade e coopera\u00e7\u00e3o Valorizar os produtos da sociobiodiversidade local \u00e9 garantir a conserva\u00e7\u00e3o dos recursos naturais, com gera\u00e7\u00e3o de renda, contribuindo para a soberania e seguran\u00e7a alimentar e nutricional da popula\u00e7\u00e3o. Tamb\u00e9m garante a autonomia econ\u00f4mica de fam\u00edlias agricultoras e extrativistas, al\u00e9m de empreendimentos de processamento e comercializa\u00e7\u00e3o de alimentos. A Cadeia [&hellip;]<\/p>\n","protected":false},"author":1,"featured_media":0,"parent":0,"menu_order":0,"comment_status":"closed","ping_status":"closed","template":"elementor_canvas","meta":{"footnotes":""},"class_list":["post-24","page","type-page","status-publish","hentry"],"_links":{"self":[{"href":"https:\/\/encontrodesabores.com.br\/index.php\/wp-json\/wp\/v2\/pages\/24","targetHints":{"allow":["GET"]}}],"collection":[{"href":"https:\/\/encontrodesabores.com.br\/index.php\/wp-json\/wp\/v2\/pages"}],"about":[{"href":"https:\/\/encontrodesabores.com.br\/index.php\/wp-json\/wp\/v2\/types\/page"}],"author":[{"embeddable":true,"href":"https:\/\/encontrodesabores.com.br\/index.php\/wp-json\/wp\/v2\/users\/1"}],"replies":[{"embeddable":true,"href":"https:\/\/encontrodesabores.com.br\/index.php\/wp-json\/wp\/v2\/comments?post=24"}],"version-history":[{"count":40,"href":"https:\/\/encontrodesabores.com.br\/index.php\/wp-json\/wp\/v2\/pages\/24\/revisions"}],"predecessor-version":[{"id":92,"href":"https:\/\/encontrodesabores.com.br\/index.php\/wp-json\/wp\/v2\/pages\/24\/revisions\/92"}],"wp:attachment":[{"href":"https:\/\/encontrodesabores.com.br\/index.php\/wp-json\/wp\/v2\/media?parent=24"}],"curies":[{"name":"wp","href":"https:\/\/api.w.org\/{rel}","templated":true}]}}